{"id":2398,"date":"2019-11-21T09:46:44","date_gmt":"2019-11-21T07:46:44","guid":{"rendered":"http:\/\/www.elsomniproduccions.com\/el-somni\/"},"modified":"2020-01-16T12:41:03","modified_gmt":"2020-01-16T10:41:03","slug":"el-somni","status":"publish","type":"page","link":"https:\/\/www.elsomniproduccions.com\/es\/el-somni\/","title":{"rendered":"El Somni"},"content":{"rendered":"<section class=\"l-section wpb_row height_medium\"><div class=\"l-section-h i-cf\"><div class=\"g-cols vc_row via_flex valign_top type_default stacking_default\"><div class=\"vc_col-sm-4 wpb_column vc_column_container\"><div class=\"vc_column-inner\"><div class=\"wpb_wrapper\"><div class=\"wpb_text_column\"><div class=\"wpb_wrapper\"><div style=\"text-align: justify;\">El <strong>Somni Produccions<\/strong> \u00e9s una <strong>productora teatral<\/strong> fundada en Marzo de 2012 por Joan Porcel. El panorama de crisis no ha disuadido las ganas de hacer un teatro de texto comprometido y de calidad. Tanto las adaptaciones de cl\u00e1sicos como las nuevas dramaturgias contempor\u00e1neas forman parte del cat\u00e1logo de producciones llevadas a escena que se han representado tanto en teatros como en salas alternativas y en espacios no convencionales. Vivir el espect\u00e1culo en proximidad es la filosof\u00eda de la productora y creemos profundamente que la principal virtud del teatro es saber adaptarse al entorno para poder llegar muy lejos con nuestro mensaje.<\/div>\n<\/div><\/div><\/div><\/div><\/div><div class=\"vc_col-sm-4 wpb_column vc_column_container\"><div class=\"vc_column-inner\"><div class=\"wpb_wrapper\"><div class=\"w-image align_none\"><div class=\"w-image-h\"><img decoding=\"async\" width=\"960\" height=\"960\" src=\"https:\/\/www.elsomniproduccions.com\/wp-content\/uploads\/2020\/01\/joan-960x960.jpg\" class=\"attachment-us_960_960_crop size-us_960_960_crop\" alt=\"\" loading=\"lazy\" srcset=\"https:\/\/www.elsomniproduccions.com\/wp-content\/uploads\/2020\/01\/joan-960x960.jpg 960w, https:\/\/www.elsomniproduccions.com\/wp-content\/uploads\/2020\/01\/joan-150x150.jpg 150w, https:\/\/www.elsomniproduccions.com\/wp-content\/uploads\/2020\/01\/joan-300x300.jpg 300w\" sizes=\"auto, (max-width: 960px) 100vw, 960px\" \/><\/div><\/div><div class=\"w-separator size_custom\" style=\"height:1rem\"><\/div><div class=\"wpb_text_column\"><div class=\"wpb_wrapper\"><p style=\"text-align: center;\"><strong>JOAN PORCEL<\/strong><br \/>\nDirecci\u00f3n art\u00edstica \/ Producci\u00f3n<br \/>\n<a href=\"mailto:joan@elsomniproduccions.com\">joan@elsomniproduccions.com<\/a><\/p>\n<\/div><\/div><\/div><\/div><\/div><div class=\"vc_col-sm-4 wpb_column vc_column_container\"><div class=\"vc_column-inner\"><div class=\"wpb_wrapper\"><div class=\"w-image align_none\"><div class=\"w-image-h\"><img decoding=\"async\" width=\"960\" height=\"960\" src=\"https:\/\/www.elsomniproduccions.com\/wp-content\/uploads\/2020\/01\/lluis-960x960.jpg\" class=\"attachment-us_960_960_crop size-us_960_960_crop\" alt=\"\" loading=\"lazy\" srcset=\"https:\/\/www.elsomniproduccions.com\/wp-content\/uploads\/2020\/01\/lluis-960x960.jpg 960w, https:\/\/www.elsomniproduccions.com\/wp-content\/uploads\/2020\/01\/lluis-150x150.jpg 150w, https:\/\/www.elsomniproduccions.com\/wp-content\/uploads\/2020\/01\/lluis-300x300.jpg 300w\" sizes=\"auto, (max-width: 960px) 100vw, 960px\" \/><\/div><\/div><div class=\"w-separator size_custom\" style=\"height:1rem\"><\/div><div class=\"wpb_text_column\"><div class=\"wpb_wrapper\"><p style=\"text-align: center;\"><strong>LUIS BAR\u00d3<\/strong><br \/>\nProducci\u00f3n \/ Direcci\u00f3n t\u00e9cnica \/ Comunicaci\u00f3n<br \/>\n<a href=\"mailto:luis@elsomniproduccions.com\">luis@elsomniproduccions.com<\/a><\/p>\n<\/div><\/div><\/div><\/div><\/div><\/div><\/div><\/section>\n","protected":false},"excerpt":{"rendered":"El Somni Produccions \u00e9s una productora teatral fundada en Marzo de 2012 por Joan Porcel. El panorama de crisis no ha disuadido las ganas de hacer un teatro de texto comprometido y de calidad. Tanto las adaptaciones de cl\u00e1sicos como las nuevas dramaturgias contempor\u00e1neas forman parte del cat\u00e1logo de producciones llevadas a escena que se...","protected":false},"author":1,"featured_media":0,"parent":0,"menu_order":0,"comment_status":"closed","ping_status":"closed","template":"","meta":{"_acf_changed":false,"footnotes":""},"class_list":["post-2398","page","type-page","status-publish","hentry"],"acf":[],"_links":{"self":[{"href":"https:\/\/www.elsomniproduccions.com\/es\/wp-json\/wp\/v2\/pages\/2398","targetHints":{"allow":["GET"]}}],"collection":[{"href":"https:\/\/www.elsomniproduccions.com\/es\/wp-json\/wp\/v2\/pages"}],"about":[{"href":"https:\/\/www.elsomniproduccions.com\/es\/wp-json\/wp\/v2\/types\/page"}],"author":[{"embeddable":true,"href":"https:\/\/www.elsomniproduccions.com\/es\/wp-json\/wp\/v2\/users\/1"}],"replies":[{"embeddable":true,"href":"https:\/\/www.elsomniproduccions.com\/es\/wp-json\/wp\/v2\/comments?post=2398"}],"version-history":[{"count":4,"href":"https:\/\/www.elsomniproduccions.com\/es\/wp-json\/wp\/v2\/pages\/2398\/revisions"}],"predecessor-version":[{"id":2841,"href":"https:\/\/www.elsomniproduccions.com\/es\/wp-json\/wp\/v2\/pages\/2398\/revisions\/2841"}],"wp:attachment":[{"href":"https:\/\/www.elsomniproduccions.com\/es\/wp-json\/wp\/v2\/media?parent=2398"}],"curies":[{"name":"wp","href":"https:\/\/api.w.org\/{rel}","templated":true}]}}