{"id":2380,"date":"2019-11-14T19:37:51","date_gmt":"2019-11-14T17:37:51","guid":{"rendered":"http:\/\/www.elsomniproduccions.com\/contacte\/"},"modified":"2020-01-06T21:30:56","modified_gmt":"2020-01-06T19:30:56","slug":"contacto","status":"publish","type":"page","link":"https:\/\/www.elsomniproduccions.com\/es\/contacto\/","title":{"rendered":"Contacto"},"content":{"rendered":"<section class=\"l-section wpb_row height_medium\"><div class=\"l-section-h i-cf\"><div class=\"g-cols vc_row via_flex valign_top type_default stacking_default\"><div class=\"vc_col-sm-4 wpb_column vc_column_container\"><div class=\"vc_column-inner\"><div class=\"wpb_wrapper\"><div class=\"wpb_text_column\"><div class=\"wpb_wrapper\"><h3>El Somni Produccions<\/h3>\n<\/div><\/div><div class=\"w-separator size_small\"><\/div><div class=\"w-contacts\"><div class=\"w-contacts-list\"><div class=\"w-contacts-item for_address\"><span class=\"w-contacts-item-value\">Carrer Andreu Feliu, 15 \u2013 07010 Palma (Mallorca) Illes Balears<\/span><\/div><div class=\"w-contacts-item for_phone\"><span class=\"w-contacts-item-value\">(+34) 971 078 932<\/span><\/div><div class=\"w-contacts-item for_email\"><span class=\"w-contacts-item-value\"><a href=\"mailto:info@elsomniproduccions.com\">info@elsomniproduccions.com<\/a><\/span><\/div><\/div><\/div><\/div><\/div><\/div><div class=\"vc_col-sm-4 wpb_column vc_column_container\"><div class=\"vc_column-inner\"><div class=\"wpb_wrapper\"><div class=\"w-map provider_google\" id=\"us_map_1\"><div class=\"w-map-inner\"><div class=\"w-map-json\" onclick='return {&quot;address&quot;:&quot;Carrer Andreu Feliu, 15 \\u2013 07010 Palma&quot;,&quot;disableDragging&quot;:0,&quot;disableZoom&quot;:0,&quot;hideControls&quot;:0,&quot;zoom&quot;:12,&quot;markers&quot;:[{&quot;address&quot;:&quot;Carrer Andreu Feliu, 15 \\u2013 07010 Palma&quot;,&quot;html&quot;:&quot;Carrer Andreu Feliu, 15 \\u2013 07010 Palma&quot;,&quot;infowindow&quot;:0}],&quot;maptype&quot;:&quot;ROADMAP&quot;}'><\/div><div class=\"w-map-style-json\" onclick='return [\n    {\n        \"featureType\": \"administrative\",\n        \"elementType\": \"labels.text.fill\",\n        \"stylers\": [\n            {\n                \"color\": \"#444444\"\n            }\n        ]\n    },\n    {\n        \"featureType\": \"landscape\",\n        \"elementType\": \"all\",\n        \"stylers\": [\n            {\n                \"color\": \"#f2f2f2\"\n            }\n        ]\n    },\n    {\n        \"featureType\": \"poi\",\n        \"elementType\": \"all\",\n        \"stylers\": [\n            {\n                \"visibility\": \"off\"\n            }\n        ]\n    },\n    {\n        \"featureType\": \"road\",\n        \"elementType\": \"all\",\n        \"stylers\": [\n            {\n                \"saturation\": -100\n            },\n            {\n                \"lightness\": 45\n            }\n        ]\n    },\n    {\n        \"featureType\": \"road.highway\",\n        \"elementType\": \"all\",\n        \"stylers\": [\n            {\n                \"visibility\": \"simplified\"\n            }\n        ]\n    },\n    {\n        \"featureType\": \"road.arterial\",\n        \"elementType\": \"labels.icon\",\n        \"stylers\": [\n            {\n                \"visibility\": \"off\"\n            }\n        ]\n    },\n    {\n        \"featureType\": \"transit\",\n        \"elementType\": \"all\",\n        \"stylers\": [\n            {\n                \"visibility\": \"off\"\n            }\n        ]\n    },\n    {\n        \"featureType\": \"water\",\n        \"elementType\": \"all\",\n        \"stylers\": [\n            {\n                \"color\": \"#00c9d1\"\n            },\n            {\n                \"visibility\": \"on\"\n            }\n        ]\n    }\n]'><\/div><\/div><\/div><\/div><\/div><\/div><div class=\"vc_col-sm-4 wpb_column vc_column_container\"><div class=\"vc_column-inner\"><div class=\"wpb_wrapper\">\n<div class=\"wpcf7 no-js\" id=\"wpcf7-f2409-o1\" lang=\"ca\" dir=\"ltr\" data-wpcf7-id=\"2409\">\n<div class=\"screen-reader-response\"><p role=\"status\" aria-live=\"polite\" aria-atomic=\"true\"><\/p> <ul><\/ul><\/div>\n<form action=\"\/es\/wp-json\/wp\/v2\/pages\/2380#wpcf7-f2409-o1\" method=\"post\" class=\"wpcf7-form init wpcf7-acceptance-as-validation\" aria-label=\"Formulari de contacte\" novalidate=\"novalidate\" data-status=\"init\">\n<fieldset class=\"hidden-fields-container\"><input type=\"hidden\" name=\"_wpcf7\" value=\"2409\" \/><input type=\"hidden\" name=\"_wpcf7_version\" value=\"6.1.5\" \/><input type=\"hidden\" name=\"_wpcf7_locale\" value=\"ca\" \/><input type=\"hidden\" name=\"_wpcf7_unit_tag\" value=\"wpcf7-f2409-o1\" \/><input type=\"hidden\" name=\"_wpcf7_container_post\" value=\"0\" \/><input type=\"hidden\" name=\"_wpcf7_posted_data_hash\" value=\"\" \/>\n<\/fieldset>\n<div class=\"w-form-row for_name\">\n\t<div class=\"w-form-row-field\">\n\t\t<p><i class=\"fas fa-user\"><\/i><span class=\"wpcf7-form-control-wrap\" data-name=\"yourname\"><input size=\"40\" maxlength=\"400\" class=\"wpcf7-form-control wpcf7-text wpcf7-validates-as-required\" aria-required=\"true\" aria-invalid=\"false\" placeholder=\"Nombre *\" value=\"\" type=\"text\" name=\"yourname\" \/><\/span>\n\t\t<\/p>\n\t<\/div>\n<\/div>\n<div class=\"w-form-row for_email\">\n\t<div class=\"w-form-row-field\">\n\t\t<p><i class=\"fas fa-at\"><\/i><span class=\"wpcf7-form-control-wrap\" data-name=\"email\"><input size=\"40\" maxlength=\"400\" class=\"wpcf7-form-control wpcf7-email wpcf7-validates-as-required wpcf7-text wpcf7-validates-as-email\" aria-required=\"true\" aria-invalid=\"false\" placeholder=\"Email *\" value=\"\" type=\"email\" name=\"email\" \/><\/span>\n\t\t<\/p>\n\t<\/div>\n<\/div>\n<div class=\"w-form-row for_phone\">\n\t<div class=\"w-form-row-field\">\n\t\t<p><i class=\"fas fa-phone\"><\/i><span class=\"wpcf7-form-control-wrap\" data-name=\"phone\"><input size=\"40\" maxlength=\"400\" class=\"wpcf7-form-control wpcf7-tel wpcf7-validates-as-required wpcf7-text wpcf7-validates-as-tel\" aria-required=\"true\" aria-invalid=\"false\" placeholder=\"Tel\u00e9fono *\" value=\"\" type=\"tel\" name=\"phone\" \/><\/span>\n\t\t<\/p>\n\t<\/div>\n<\/div>\n<div class=\"w-form-row for_message\">\n\t<div class=\"w-form-row-field\">\n\t\t<p><i class=\"fas fa-comment\"><\/i><span class=\"wpcf7-form-control-wrap\" data-name=\"message\"><textarea cols=\"40\" rows=\"10\" maxlength=\"2000\" class=\"wpcf7-form-control wpcf7-textarea wpcf7-validates-as-required\" aria-required=\"true\" aria-invalid=\"false\" placeholder=\"Mensaje *\" name=\"message\"><\/textarea><\/span>\n\t\t<\/p>\n\t<\/div>\n<\/div>\n<div class=\"w-form-row for_termsandconditions\">\n\t<div class=\"w-form-row-field\">\n\t\t<p><span class=\"wpcf7-form-control-wrap\" data-name=\"accept-this-1\"><span class=\"wpcf7-form-control wpcf7-acceptance\"><span class=\"wpcf7-list-item\"><input type=\"checkbox\" name=\"accept-this-1\" value=\"1\" aria-invalid=\"false\" \/><\/span><\/span><\/span> He le\u00eddo y accepto la cl\u00e1usula de privacidad\n\t\t<\/p>\n\t<\/div>\n<\/div>\n<div class=\"w-form-row form_submit\">\n\t<div class=\"w-form-field\">\n\t\t<p><input class=\"wpcf7-form-control wpcf7-submit has-spinner w-btn color_primary\" type=\"submit\" value=\"Enviar\" \/>\n\t\t<\/p>\n\t<\/div>\n<\/div><p style=\"display: none !important;\" class=\"akismet-fields-container\" data-prefix=\"_wpcf7_ak_\"><label>&#916;<textarea name=\"_wpcf7_ak_hp_textarea\" cols=\"45\" rows=\"8\" maxlength=\"100\"><\/textarea><\/label><input type=\"hidden\" id=\"ak_js_1\" name=\"_wpcf7_ak_js\" value=\"232\"\/><script>document.getElementById( \"ak_js_1\" ).setAttribute( \"value\", ( new Date() ).getTime() );<\/script><\/p><div class=\"wpcf7-response-output\" aria-hidden=\"true\"><\/div>\n<\/form>\n<\/div>\n<\/div><\/div><\/div><\/div><\/div><\/section><section class=\"l-section wpb_row height_small\"><div class=\"l-section-h i-cf\"><div class=\"g-cols vc_row via_flex valign_top type_default stacking_default\"><div class=\"vc_col-sm-12 wpb_column vc_column_container\"><div class=\"vc_column-inner\"><div class=\"wpb_wrapper\"><div class=\"wpb_text_column\"><div class=\"wpb_wrapper\"><p>CL\u00c1USULA DE PRIVACIDAD: De acuerdo con la legislaci\u00f3n vigente te comunicamos expresamente que los datos facilitados en la web de El SOMNI PRODUCCIONS podr\u00e1n ser recogidos y tratados en un fichero del cual es responsable Joan Porcel Bonet, NIF: 42994876-X. Puedes ejercer tus derechos de acceso, rectificaci\u00f3n, cancelaci\u00f3n u oposici\u00f3n, mediante escrito dirigido a la direcci\u00f3n: Calle Andreu Feliu, 15-07010 Palma.<\/p>\n<\/div><\/div><div class=\"w-separator size_medium\"><\/div><\/div><\/div><\/div><\/div><\/div><\/section>\n","protected":false},"excerpt":{"rendered":"El Somni Produccions Carrer Andreu Feliu, 15 \u2013 07010 Palma (Mallorca) Illes Balears(+34) 971 078 932info@elsomniproduccions.com He le\u00eddo y accepto la cl\u00e1usula de privacidad &#916; CL\u00c1USULA DE PRIVACIDAD: De acuerdo con la legislaci\u00f3n vigente te comunicamos expresamente que los datos facilitados en la web de El SOMNI PRODUCCIONS podr\u00e1n ser recogidos y tratados en un...","protected":false},"author":1,"featured_media":0,"parent":0,"menu_order":0,"comment_status":"closed","ping_status":"closed","template":"","meta":{"_acf_changed":false,"footnotes":""},"class_list":["post-2380","page","type-page","status-publish","hentry"],"acf":[],"_links":{"self":[{"href":"https:\/\/www.elsomniproduccions.com\/es\/wp-json\/wp\/v2\/pages\/2380","targetHints":{"allow":["GET"]}}],"collection":[{"href":"https:\/\/www.elsomniproduccions.com\/es\/wp-json\/wp\/v2\/pages"}],"about":[{"href":"https:\/\/www.elsomniproduccions.com\/es\/wp-json\/wp\/v2\/types\/page"}],"author":[{"embeddable":true,"href":"https:\/\/www.elsomniproduccions.com\/es\/wp-json\/wp\/v2\/users\/1"}],"replies":[{"embeddable":true,"href":"https:\/\/www.elsomniproduccions.com\/es\/wp-json\/wp\/v2\/comments?post=2380"}],"version-history":[{"count":3,"href":"https:\/\/www.elsomniproduccions.com\/es\/wp-json\/wp\/v2\/pages\/2380\/revisions"}],"predecessor-version":[{"id":2412,"href":"https:\/\/www.elsomniproduccions.com\/es\/wp-json\/wp\/v2\/pages\/2380\/revisions\/2412"}],"wp:attachment":[{"href":"https:\/\/www.elsomniproduccions.com\/es\/wp-json\/wp\/v2\/media?parent=2380"}],"curies":[{"name":"wp","href":"https:\/\/api.w.org\/{rel}","templated":true}]}}